{"id":2508,"date":"2024-01-05T12:26:54","date_gmt":"2024-01-05T09:26:54","guid":{"rendered":"https:\/\/akerdefence.com\/tr\/?page_id=2508"},"modified":"2024-01-05T16:45:56","modified_gmt":"2024-01-05T13:45:56","slug":"av-tufegi-parcalari","status":"publish","type":"page","link":"https:\/\/akerdefence.com\/tr\/av-tufegi-parcalari\/","title":{"rendered":"Av T\u00fcfe\u011fi Par\u00e7alar\u0131"},"content":{"rendered":"","protected":false},"excerpt":{"rendered":"","protected":false},"author":1,"featured_media":0,"parent":0,"menu_order":0,"comment_status":"closed","ping_status":"closed","template":"","meta":{"_acf_changed":false,"footnotes":""},"class_list":["post-2508","page","type-page","status-publish","hentry"],"acf":[],"yoast_head":"<!-- This site is optimized with the Yoast SEO plugin v27.1.1 - https:\/\/yoast.com\/product\/yoast-seo-wordpress\/ -->\n<title>Av T\u00fcfe\u011fi Par\u00e7alar\u0131 - Aker Defence - TR<\/title>\n<meta name=\"robots\" content=\"index, follow, max-snippet:-1, max-image-preview:large, max-video-preview:-1\" \/>\n<link rel=\"canonical\" href=\"https:\/\/akerdefence.com\/tr\/av-tufegi-parcalari\/\" \/>\n<meta property=\"og:locale\" content=\"tr_TR\" \/>\n<meta property=\"og:type\" content=\"article\" \/>\n<meta property=\"og:title\" content=\"Av T\u00fcfe\u011fi Par\u00e7alar\u0131 - Aker Defence - TR\" \/>\n<meta property=\"og:url\" content=\"https:\/\/akerdefence.com\/tr\/av-tufegi-parcalari\/\" \/>\n<meta property=\"og:site_name\" content=\"Aker Defence - TR\" \/>\n<meta property=\"article:modified_time\" content=\"2024-01-05T13:45:56+00:00\" \/>\n<meta name=\"twitter:card\" content=\"summary_large_image\" \/>\n<script type=\"application\/ld+json\" class=\"yoast-schema-graph\">{\"@context\":\"https:\/\/schema.org\",\"@graph\":[{\"@type\":\"WebPage\",\"@id\":\"https:\/\/akerdefence.com\/tr\/av-tufegi-parcalari\/\",\"url\":\"https:\/\/akerdefence.com\/tr\/av-tufegi-parcalari\/\",\"name\":\"Av T\u00fcfe\u011fi Par\u00e7alar\u0131 - Aker Defence - TR\",\"isPartOf\":{\"@id\":\"https:\/\/akerdefence.com\/tr\/#website\"},\"datePublished\":\"2024-01-05T09:26:54+00:00\",\"dateModified\":\"2024-01-05T13:45:56+00:00\",\"breadcrumb\":{\"@id\":\"https:\/\/akerdefence.com\/tr\/av-tufegi-parcalari\/#breadcrumb\"},\"inLanguage\":\"tr\",\"potentialAction\":[{\"@type\":\"ReadAction\",\"target\":[\"https:\/\/akerdefence.com\/tr\/av-tufegi-parcalari\/\"]}]},{\"@type\":\"BreadcrumbList\",\"@id\":\"https:\/\/akerdefence.com\/tr\/av-tufegi-parcalari\/#breadcrumb\",\"itemListElement\":[{\"@type\":\"ListItem\",\"position\":1,\"name\":\"Anasayfa\",\"item\":\"https:\/\/akerdefence.com\/tr\/\"},{\"@type\":\"ListItem\",\"position\":2,\"name\":\"Av T\u00fcfe\u011fi Par\u00e7alar\u0131\"}]},{\"@type\":\"WebSite\",\"@id\":\"https:\/\/akerdefence.com\/tr\/#website\",\"url\":\"https:\/\/akerdefence.com\/tr\/\",\"name\":\"Aker Arms - TR\",\"description\":\"\",\"publisher\":{\"@id\":\"https:\/\/akerdefence.com\/tr\/#organization\"},\"potentialAction\":[{\"@type\":\"SearchAction\",\"target\":{\"@type\":\"EntryPoint\",\"urlTemplate\":\"https:\/\/akerdefence.com\/tr\/?s={search_term_string}\"},\"query-input\":{\"@type\":\"PropertyValueSpecification\",\"valueRequired\":true,\"valueName\":\"search_term_string\"}}],\"inLanguage\":\"tr\"},{\"@type\":\"Organization\",\"@id\":\"https:\/\/akerdefence.com\/tr\/#organization\",\"name\":\"Aker Arms - TR\",\"url\":\"https:\/\/akerdefence.com\/tr\/\",\"logo\":{\"@type\":\"ImageObject\",\"inLanguage\":\"tr\",\"@id\":\"https:\/\/akerdefence.com\/tr\/#\/schema\/logo\/image\/\",\"url\":\"https:\/\/akerdefence.com\/tr\/wp-content\/uploads\/sites\/2\/2023\/12\/cropped-aker-favicon.jpg\",\"contentUrl\":\"https:\/\/akerdefence.com\/tr\/wp-content\/uploads\/sites\/2\/2023\/12\/cropped-aker-favicon.jpg\",\"width\":512,\"height\":512,\"caption\":\"Aker Arms - TR\"},\"image\":{\"@id\":\"https:\/\/akerdefence.com\/tr\/#\/schema\/logo\/image\/\"},\"sameAs\":[\"https:\/\/www.youtube.com\/@AKERDEFENCE\",\"https:\/\/www.linkedin.com\/in\/zafer-a-350a92243\/\"]}]}<\/script>\n<!-- \/ Yoast SEO plugin. -->","yoast_head_json":{"title":"Av T\u00fcfe\u011fi Par\u00e7alar\u0131 - Aker Defence - TR","robots":{"index":"index","follow":"follow","max-snippet":"max-snippet:-1","max-image-preview":"max-image-preview:large","max-video-preview":"max-video-preview:-1"},"canonical":"https:\/\/akerdefence.com\/tr\/av-tufegi-parcalari\/","og_locale":"tr_TR","og_type":"article","og_title":"Av T\u00fcfe\u011fi Par\u00e7alar\u0131 - Aker Defence - TR","og_url":"https:\/\/akerdefence.com\/tr\/av-tufegi-parcalari\/","og_site_name":"Aker Defence - TR","article_modified_time":"2024-01-05T13:45:56+00:00","twitter_card":"summary_large_image","schema":{"@context":"https:\/\/schema.org","@graph":[{"@type":"WebPage","@id":"https:\/\/akerdefence.com\/tr\/av-tufegi-parcalari\/","url":"https:\/\/akerdefence.com\/tr\/av-tufegi-parcalari\/","name":"Av T\u00fcfe\u011fi Par\u00e7alar\u0131 - Aker Defence - TR","isPartOf":{"@id":"https:\/\/akerdefence.com\/tr\/#website"},"datePublished":"2024-01-05T09:26:54+00:00","dateModified":"2024-01-05T13:45:56+00:00","breadcrumb":{"@id":"https:\/\/akerdefence.com\/tr\/av-tufegi-parcalari\/#breadcrumb"},"inLanguage":"tr","potentialAction":[{"@type":"ReadAction","target":["https:\/\/akerdefence.com\/tr\/av-tufegi-parcalari\/"]}]},{"@type":"BreadcrumbList","@id":"https:\/\/akerdefence.com\/tr\/av-tufegi-parcalari\/#breadcrumb","itemListElement":[{"@type":"ListItem","position":1,"name":"Anasayfa","item":"https:\/\/akerdefence.com\/tr\/"},{"@type":"ListItem","position":2,"name":"Av T\u00fcfe\u011fi Par\u00e7alar\u0131"}]},{"@type":"WebSite","@id":"https:\/\/akerdefence.com\/tr\/#website","url":"https:\/\/akerdefence.com\/tr\/","name":"Aker Arms - TR","description":"","publisher":{"@id":"https:\/\/akerdefence.com\/tr\/#organization"},"potentialAction":[{"@type":"SearchAction","target":{"@type":"EntryPoint","urlTemplate":"https:\/\/akerdefence.com\/tr\/?s={search_term_string}"},"query-input":{"@type":"PropertyValueSpecification","valueRequired":true,"valueName":"search_term_string"}}],"inLanguage":"tr"},{"@type":"Organization","@id":"https:\/\/akerdefence.com\/tr\/#organization","name":"Aker Arms - TR","url":"https:\/\/akerdefence.com\/tr\/","logo":{"@type":"ImageObject","inLanguage":"tr","@id":"https:\/\/akerdefence.com\/tr\/#\/schema\/logo\/image\/","url":"https:\/\/akerdefence.com\/tr\/wp-content\/uploads\/sites\/2\/2023\/12\/cropped-aker-favicon.jpg","contentUrl":"https:\/\/akerdefence.com\/tr\/wp-content\/uploads\/sites\/2\/2023\/12\/cropped-aker-favicon.jpg","width":512,"height":512,"caption":"Aker Arms - TR"},"image":{"@id":"https:\/\/akerdefence.com\/tr\/#\/schema\/logo\/image\/"},"sameAs":["https:\/\/www.youtube.com\/@AKERDEFENCE","https:\/\/www.linkedin.com\/in\/zafer-a-350a92243\/"]}]}},"_links":{"self":[{"href":"https:\/\/akerdefence.com\/tr\/wp-json\/wp\/v2\/pages\/2508","targetHints":{"allow":["GET"]}}],"collection":[{"href":"https:\/\/akerdefence.com\/tr\/wp-json\/wp\/v2\/pages"}],"about":[{"href":"https:\/\/akerdefence.com\/tr\/wp-json\/wp\/v2\/types\/page"}],"author":[{"embeddable":true,"href":"https:\/\/akerdefence.com\/tr\/wp-json\/wp\/v2\/users\/1"}],"replies":[{"embeddable":true,"href":"https:\/\/akerdefence.com\/tr\/wp-json\/wp\/v2\/comments?post=2508"}],"version-history":[{"count":0,"href":"https:\/\/akerdefence.com\/tr\/wp-json\/wp\/v2\/pages\/2508\/revisions"}],"wp:attachment":[{"href":"https:\/\/akerdefence.com\/tr\/wp-json\/wp\/v2\/media?parent=2508"}],"curies":[{"name":"wp","href":"https:\/\/api.w.org\/{rel}","templated":true}]}}